{"id":17629,"date":"2022-10-13T10:17:13","date_gmt":"2022-10-13T10:17:13","guid":{"rendered":"https:\/\/pur.vamtam.com\/?page_id=17629"},"modified":"2022-10-13T10:17:13","modified_gmt":"2022-10-13T10:17:13","slug":"17629-2","status":"publish","type":"page","link":"https:\/\/susan-spa.com\/index.php\/17629-2\/","title":{"rendered":""},"content":{"rendered":"<div class=\"vgblk-rw-wrapper limit-wrapper\">\n\n\t<p>Ein Eisenbahnunfall (auch Bahnbetriebsunfall oder Eisenbahnungl\u00fcck) ist ein Unfall, der in urs\u00e4chlichem Zusammenhang mit dem Betrieb einer Eisenbahn und dessen typischen Gefahren steht und einen Personenschaden oder einen Sachschaden, der nicht v\u00f6llig belanglos ist, zur Folge hat.[1] Die Schweizerische Sicherheitsuntersuchungsstelle (SUST) definiert Unf\u00e4lle f\u00fcr ihren Bereich als Ereignisse, die \u201et\u00f6dliche oder schwere Verletzung einer Person, einen Sachschaden \u00fcber 100.000 Franken oder die Freisetzung bestimmter Mengen von Gefahrgut zur Folge haben&#8221;<\/p>\n\n<\/div><!-- .vgblk-rw-wrapper -->","protected":false},"excerpt":{"rendered":"<p>Ein Eisenbahnunfall (auch Bahnbetriebsunfall oder Eisenbahnungl\u00fcck) ist ein Unfall, der in urs\u00e4chlichem Zusammenhang mit dem Betrieb einer Eisenbahn und dessen typischen Gefahren steht und einen Personenschaden oder einen Sachschaden, der nicht v\u00f6llig belanglos ist, zur Folge hat.[1] Die Schweizerische Sicherheitsuntersuchungsstelle (SUST) definiert Unf\u00e4lle f\u00fcr ihren Bereich als Ereignisse, die \u201et\u00f6dliche oder schwere Verletzung einer Person,&#8230;<\/p>\n","protected":false},"author":1,"featured_media":0,"parent":0,"menu_order":19,"comment_status":"closed","ping_status":"closed","template":"","meta":{"inline_featured_image":false},"folder":[],"_links":{"self":[{"href":"https:\/\/susan-spa.com\/index.php\/wp-json\/wp\/v2\/pages\/17629"}],"collection":[{"href":"https:\/\/susan-spa.com\/index.php\/wp-json\/wp\/v2\/pages"}],"about":[{"href":"https:\/\/susan-spa.com\/index.php\/wp-json\/wp\/v2\/types\/page"}],"author":[{"embeddable":true,"href":"https:\/\/susan-spa.com\/index.php\/wp-json\/wp\/v2\/users\/1"}],"replies":[{"embeddable":true,"href":"https:\/\/susan-spa.com\/index.php\/wp-json\/wp\/v2\/comments?post=17629"}],"version-history":[{"count":0,"href":"https:\/\/susan-spa.com\/index.php\/wp-json\/wp\/v2\/pages\/17629\/revisions"}],"wp:attachment":[{"href":"https:\/\/susan-spa.com\/index.php\/wp-json\/wp\/v2\/media?parent=17629"}],"wp:term":[{"taxonomy":"folder","embeddable":true,"href":"https:\/\/susan-spa.com\/index.php\/wp-json\/wp\/v2\/folder?post=17629"}],"curies":[{"name":"wp","href":"https:\/\/api.w.org\/{rel}","templated":true}]}}